{"id":10552,"date":"2023-06-18T17:55:50","date_gmt":"2023-06-18T14:55:50","guid":{"rendered":"http:\/\/www.kuspha.com\/blog\/?page_id=10552"},"modified":"2023-08-24T11:46:50","modified_gmt":"2023-08-24T08:46:50","slug":"surec-ve-kalite-yonetimi-belgelerimiz","status":"publish","type":"page","link":"http:\/\/www.kuspha.com\/blog\/surec-ve-kalite-yonetimi-belgelerimiz\/","title":{"rendered":"S\u00dcRE\u00c7 VE KAL\u0130TE Y\u00d6NET\u0130M\u0130\/BELGELER\u0130M\u0130Z"},"content":{"rendered":"\t\t<div data-elementor-type=\"wp-page\" data-elementor-id=\"10552\" class=\"elementor elementor-10552\">\n\t\t\t\t\t\t\t<div class=\"elementor-element elementor-element-d0a656c e-con-boxed e-flex e-con\" data-id=\"d0a656c\" data-element_type=\"container\" data-settings=\"{&quot;content_width&quot;:&quot;boxed&quot;}\">\n\t\t\t\t\t<div class=\"e-con-inner\">\n\t\t<div class=\"elementor-element elementor-element-ca89bb7 e-con-full e-flex e-con\" data-id=\"ca89bb7\" data-element_type=\"container\" data-settings=\"{&quot;content_width&quot;:&quot;full&quot;}\">\n\t\t\t\t<div class=\"elementor-element elementor-element-4a9c1f9 elementor-widget elementor-widget-image\" data-id=\"4a9c1f9\" data-element_type=\"widget\" data-widget_type=\"image.default\">\n\t\t\t\t<div class=\"elementor-widget-container\">\n\t\t\t\t\t\t\t\t\t\t\t\t\t\t\t<img decoding=\"async\" width=\"512\" height=\"512\" src=\"http:\/\/www.kuspha.com\/blog\/wp-content\/uploads\/2023\/06\/favicon.png\" class=\"attachment-large size-large wp-image-10411 not-transparent\" alt=\"\" loading=\"lazy\" srcset=\"http:\/\/www.kuspha.com\/blog\/wp-content\/uploads\/2023\/06\/favicon.png 512w, http:\/\/www.kuspha.com\/blog\/wp-content\/uploads\/2023\/06\/favicon-300x300.png 300w, http:\/\/www.kuspha.com\/blog\/wp-content\/uploads\/2023\/06\/favicon-150x150.png 150w\" sizes=\"(max-width: 512px) 100vw, 512px\" data-has-transparency=\"false\" data-dominant-color=\"74934d\" style=\"--dominant-color: #74934d\" \/>\t\t\t\t\t\t\t\t\t\t\t\t\t\t\t<\/div>\n\t\t\t\t<\/div>\n\t\t\t\t<\/div>\n\t\t<div class=\"elementor-element elementor-element-362dd05 e-con-full e-flex e-con\" data-id=\"362dd05\" data-element_type=\"container\" data-settings=\"{&quot;content_width&quot;:&quot;full&quot;}\">\n\t\t\t\t<div class=\"elementor-element elementor-element-1f4ad59 elementor-widget elementor-widget-text-editor\" data-id=\"1f4ad59\" data-element_type=\"widget\" data-widget_type=\"text-editor.default\">\n\t\t\t\t<div class=\"elementor-widget-container\">\n\t\t\t\t\t\t\t<div class=\"col-md-6 col-md-offset-6 wow fadeInRight animated\" data-wow-delay=\".2s\"><h2>Kalite Y\u00f6netim Sistemi<\/h2>LST Kalite Y\u00f6netim Sistemi, ISO 9001:2015 Kalite Y\u00f6netim Sistemi, ISO\/IEC 27001:2017 Bilgi G\u00fcvenli\u011fi Y\u00f6netim Sistemi ve CMMI Olgunluk Seviyesi 3 gereklerine uygun olarak kurulmu\u015ftur. Toplam Kalite felsefesini kurum k\u00fclt\u00fcr\u00fc olarak benimseyen LST\u2019de kalite herkesin ortak amac\u0131d\u0131r. Kalite anlay\u0131\u015f\u0131 ile sekt\u00f6rde \u00f6nc\u00fc kurulu\u015flar aras\u0131nda yer alan LST, Kalite Y\u00f6netim Sistemi etkinli\u011fini s\u00fcrekli olarak takip etmekte ve \u00e7al\u0131\u015fanlardan al\u0131nan geri bildirimler ve geli\u015fen teknoloji do\u011frultusunda s\u00fcrekli olarak iyile\u015ftirmektedir. Projelerin ya\u015fam d\u00f6ng\u00fcs\u00fc boyunca, tak\u0131m ruhu i\u00e7erisinde, kalite y\u00f6netim sistemine uygun \u00fcr\u00fcnler \u00fcretilmekte ve kurulan erken hata tespit mekanizmalar\u0131 ile m\u00fc\u015fterilere zaman\u0131nda, tam ve hatalar\u0131ndan ar\u0131nd\u0131r\u0131lm\u0131\u015f \u00fcr\u00fcnler teslim edilmektedir. Her zaman daha iyiye ula\u015fmay\u0131 ve kalite politikalar\u0131 ile destekledi\u011fi ba\u015far\u0131s\u0131n\u0131 s\u00fcrd\u00fcr\u00fclebilir k\u0131lmay\u0131 hedefleyen LST, kaliteden \u00f6d\u00fcn vermeyen bak\u0131\u015f a\u00e7\u0131s\u0131 ile de\u011ferine de\u011fer katmaya devam edecektir.<\/div>\t\t\t\t\t\t<\/div>\n\t\t\t\t<\/div>\n\t\t\t\t<\/div>\n\t\t\t\t\t<\/div>\n\t\t\t\t<\/div>\n\t\t<div class=\"elementor-element elementor-element-607627d e-con-boxed e-flex e-con\" data-id=\"607627d\" data-element_type=\"container\" data-settings=\"{&quot;content_width&quot;:&quot;boxed&quot;}\">\n\t\t\t\t\t<div class=\"e-con-inner\">\n\t\t\t\t<div class=\"elementor-element elementor-element-9911c0e elementor-widget elementor-widget-heading\" data-id=\"9911c0e\" data-element_type=\"widget\" data-widget_type=\"heading.default\">\n\t\t\t\t<div class=\"elementor-widget-container\">\n\t\t\t<h2 class=\"elementor-heading-title elementor-size-large\">BELGELER\u0130M\u0130Z<\/h2>\t\t<\/div>\n\t\t\t\t<\/div>\n\t\t\t\t\t<\/div>\n\t\t\t\t<\/div>\n\t\t<div class=\"elementor-element elementor-element-7a39b6d e-con-boxed e-flex e-con\" data-id=\"7a39b6d\" data-element_type=\"container\" data-settings=\"{&quot;content_width&quot;:&quot;boxed&quot;}\">\n\t\t\t\t\t<div class=\"e-con-inner\">\n\t\t\t\t<div class=\"elementor-element elementor-element-4f025cf elementor-widget-divider--view-line_icon elementor-view-default elementor-widget-divider--element-align-center elementor-widget elementor-widget-divider\" data-id=\"4f025cf\" data-element_type=\"widget\" data-widget_type=\"divider.default\">\n\t\t\t\t<div class=\"elementor-widget-container\">\n\t\t\t\t\t<div class=\"elementor-divider\">\n\t\t\t<span class=\"elementor-divider-separator\">\n\t\t\t\t\t\t\t<div class=\"elementor-icon elementor-divider__element\">\n\t\t\t\t\t<i aria-hidden=\"true\" class=\"fas fa-circle\"><\/i><\/div>\n\t\t\t\t\t\t<\/span>\n\t\t<\/div>\n\t\t\t\t<\/div>\n\t\t\t\t<\/div>\n\t\t\t\t\t<\/div>\n\t\t\t\t<\/div>\n\t\t<div class=\"elementor-element elementor-element-6d12c4d e-con-boxed e-flex e-con\" data-id=\"6d12c4d\" data-element_type=\"container\" data-settings=\"{&quot;content_width&quot;:&quot;boxed&quot;}\">\n\t\t\t\t\t<div class=\"e-con-inner\">\n\t\t\t\t<div class=\"elementor-element elementor-element-d77c9d5 elementor-widget elementor-widget-image-carousel\" data-id=\"d77c9d5\" data-element_type=\"widget\" data-settings=\"{&quot;slides_to_show&quot;:&quot;6&quot;,&quot;navigation&quot;:&quot;none&quot;,&quot;image_spacing_custom&quot;:{&quot;unit&quot;:&quot;px&quot;,&quot;size&quot;:15,&quot;sizes&quot;:[]},&quot;autoplay_speed&quot;:2500,&quot;autoplay&quot;:&quot;yes&quot;,&quot;pause_on_hover&quot;:&quot;yes&quot;,&quot;pause_on_interaction&quot;:&quot;yes&quot;,&quot;infinite&quot;:&quot;yes&quot;,&quot;speed&quot;:500,&quot;image_spacing_custom_tablet&quot;:{&quot;unit&quot;:&quot;px&quot;,&quot;size&quot;:&quot;&quot;,&quot;sizes&quot;:[]},&quot;image_spacing_custom_mobile&quot;:{&quot;unit&quot;:&quot;px&quot;,&quot;size&quot;:&quot;&quot;,&quot;sizes&quot;:[]}}\" data-widget_type=\"image-carousel.default\">\n\t\t\t\t<div class=\"elementor-widget-container\">\n\t\t\t\t\t<div class=\"elementor-image-carousel-wrapper swiper\" dir=\"ltr\">\n\t\t\t<div class=\"elementor-image-carousel swiper-wrapper swiper-image-stretch\">\n\t\t\t\t\t\t\t\t<div class=\"swiper-slide\"><figure class=\"swiper-slide-inner\"><img fetchpriority=\"high\" decoding=\"async\" class=\"swiper-slide-image\" src=\"http:\/\/www.kuspha.com\/blog\/wp-content\/uploads\/2023\/06\/iso-9001-300x300.webp\" alt=\"iso-9001\" \/><\/figure><\/div><div class=\"swiper-slide\"><figure class=\"swiper-slide-inner\"><img decoding=\"async\" class=\"swiper-slide-image\" src=\"http:\/\/www.kuspha.com\/blog\/wp-content\/uploads\/2023\/06\/iso-27000-300x300.webp\" alt=\"iso-27000\" \/><\/figure><\/div><div class=\"swiper-slide\"><figure class=\"swiper-slide-inner\"><img decoding=\"async\" class=\"swiper-slide-image\" src=\"http:\/\/www.kuspha.com\/blog\/wp-content\/uploads\/2023\/06\/iso-200001-300x300.webp\" alt=\"iso-200001\" \/><\/figure><\/div><div class=\"swiper-slide\"><figure class=\"swiper-slide-inner\"><img decoding=\"async\" class=\"swiper-slide-image\" src=\"http:\/\/www.kuspha.com\/blog\/wp-content\/uploads\/2023\/06\/TESIS-300x300.webp\" alt=\"TESIS\" \/><\/figure><\/div><div class=\"swiper-slide\"><figure class=\"swiper-slide-inner\"><img decoding=\"async\" class=\"swiper-slide-image\" src=\"http:\/\/www.kuspha.com\/blog\/wp-content\/uploads\/2023\/06\/tse-300x300.webp\" alt=\"tse\" \/><\/figure><\/div><div class=\"swiper-slide\"><figure class=\"swiper-slide-inner\"><img decoding=\"async\" class=\"swiper-slide-image\" src=\"http:\/\/www.kuspha.com\/blog\/wp-content\/uploads\/2023\/06\/Untitled-1-1-300x300.webp\" alt=\"Untitled-1-1\" \/><\/figure><\/div>\t\t\t<\/div>\n\t\t\t\t\t\t\t\t\t\t\t\t\t\t\t\t<\/div>\n\t\t\t\t<\/div>\n\t\t\t\t<\/div>\n\t\t\t\t\t<\/div>\n\t\t\t\t<\/div>\n\t\t<div class=\"elementor-element elementor-element-06c8b47 e-con-boxed e-flex e-con\" data-id=\"06c8b47\" data-element_type=\"container\" data-settings=\"{&quot;content_width&quot;:&quot;boxed&quot;}\">\n\t\t\t\t\t<div class=\"e-con-inner\">\n\t\t\t\t<div class=\"elementor-element elementor-element-031b7de elementor-widget elementor-widget-the7_photo-scroller\" data-id=\"031b7de\" data-element_type=\"widget\" data-settings=\"{&quot;motion_fx_motion_fx_scrolling&quot;:&quot;yes&quot;,&quot;motion_fx_devices&quot;:[&quot;desktop&quot;,&quot;tablet&quot;,&quot;mobile&quot;]}\" data-widget_type=\"the7_photo-scroller.default\">\n\t\t\t\t<div class=\"elementor-widget-container\">\n\t\t\t\t\t<div class=\"photo-scroller the7_photo-scroller-031b7de fullscreen-on hide-thumbs\" data-scale=\"fit\" data-autoslide=\"false\" data-play-on-hover=\"false\" data-delay=\"0\" data-show-thumbnails=\"true\" data-thumb-position=\"inside-hidden\" data-thumb-height=\"60\" data-thumb-width=\"60\" data-thumb-space=\"5\" data-thumb-padding-top=\"5\" data-thumb-padding-bottom=\"5\" data-cntr-space-bottom=\"5\" data-transparency=\"0.15\" data-arrows=\"true\" data-arrows_tablet=\"true\" data-arrows_mobile=\"true\" data-next-icon=\"fas fa-chevron-right\" data-prev-icon=\"fas fa-chevron-left\" data-r-arrow-v-position=\"center\" data-r-arrow-h-position=\"right\" data-l-arrow-v-position=\"center\" data-l-arrow-h-position=\"left\" data-ls-fill-dt=\"fit\" data-ls-fill-tablet=\"fit\" data-pt-fill-dt=\"fit\" data-pt-fill-tablet=\"fit\" data-pt-fill-mob=\"fit\" data-ls-fill-mob=\"fit\" data-padding-top=\"0\" data-padding-bottom=\"0\" data-padding-side=\"0\" data-padding-left=\"0\" data-t-padding-top=\"0\" data-t-padding-bottom=\"0\" data-t-padding-side=\"0\" data-t-padding-left=\"0\" data-m-padding-top=\"0\" data-m-padding-bottom=\"0\" data-m-padding-side=\"0\" data-m-padding-left=\"0\" data-ls-max=\"0\" data-t-ls-max=\"0\" data-m-ls-max=\"0\" data-ls-min=\"0\" data-t-ls-min=\"0\" data-m-ls-min=\"0\" data-pt-max=\"100\" data-t-pt-max=\"100\" data-m-pt-max=\"100\" data-pt-min=\"0\" data-t-pt-min=\"0\" data-m-pt-min=\"0\" data-tablet-height=\"0\" data-mobile-height=\"0\">\n\t\t\t<div class=\"photoSlider \">\n\t\t\t\t<figure data-width=\"1654\" data-height=\"2338\"><a href=\" http:\/\/www.kuspha.com\/blog\/wp-content\/uploads\/2023\/06\/20000-1-jpg.webp \"<a href=\"http:\/\/www.kuspha.com\/blog\/wp-content\/uploads\/2023\/06\/20000-1-jpg.webp\" class=\"post-thumbnail-rollover layzr-bg\" title=\"20000\"  aria-label=\"Post image\"><img decoding=\"async\" src=\"data:image\/svg+xml,%3Csvg%20xmlns%3D&#39;http%3A%2F%2Fwww.w3.org%2F2000%2Fsvg&#39;%20viewBox%3D&#39;0%200%201654%202338&#39;%2F%3E\" data-src=\"http:\/\/www.kuspha.com\/blog\/wp-content\/uploads\/2023\/06\/20000-1-jpg.webp\" data-srcset=\"http:\/\/www.kuspha.com\/blog\/wp-content\/uploads\/2023\/06\/20000-1-jpg.webp 1654w\" loading=\"eager\" style=\"--ratio: 1654 \/ 2338\" sizes=\"(max-width: 1654px) 100vw, 1654px\" class=\"preload-me photo-thumb-lazy-load aspect\" width=\"1654\" height=\"2338\"  alt=\"\" title=\"20000\" \/><\/a><\/a><\/figure><figure data-width=\"1654\" data-height=\"2338\"><a href=\" http:\/\/www.kuspha.com\/blog\/wp-content\/uploads\/2023\/06\/CMM-BELGE-1-jpg.webp \"<a href=\"http:\/\/www.kuspha.com\/blog\/wp-content\/uploads\/2023\/06\/CMM-BELGE-1-jpg.webp\" class=\"post-thumbnail-rollover layzr-bg\" title=\"CMM-BELGE\"  aria-label=\"Post image\"><img decoding=\"async\" src=\"data:image\/svg+xml,%3Csvg%20xmlns%3D&#39;http%3A%2F%2Fwww.w3.org%2F2000%2Fsvg&#39;%20viewBox%3D&#39;0%200%201654%202338&#39;%2F%3E\" data-src=\"http:\/\/www.kuspha.com\/blog\/wp-content\/uploads\/2023\/06\/CMM-BELGE-1-jpg.webp\" data-srcset=\"http:\/\/www.kuspha.com\/blog\/wp-content\/uploads\/2023\/06\/CMM-BELGE-1-jpg.webp 1654w\" loading=\"eager\" style=\"--ratio: 1654 \/ 2338\" sizes=\"(max-width: 1654px) 100vw, 1654px\" class=\"preload-me photo-thumb-lazy-load aspect\" width=\"1654\" height=\"2338\"  alt=\"\" title=\"CMM-BELGE\" \/><\/a><\/a><\/figure><figure data-width=\"1700\" data-height=\"2356\"><a href=\" http:\/\/www.kuspha.com\/blog\/wp-content\/uploads\/2023\/06\/TESIS-GUVENLIK-BELGESI-LST-1-jpg.webp \"<a href=\"http:\/\/www.kuspha.com\/blog\/wp-content\/uploads\/2023\/06\/TESIS-GUVENLIK-BELGESI-LST-1-jpg.webp\" class=\"post-thumbnail-rollover layzr-bg\" title=\"TESIS-GUVENLIK-BELGESI-LST\"  aria-label=\"Post image\"><img decoding=\"async\" src=\"data:image\/svg+xml,%3Csvg%20xmlns%3D&#39;http%3A%2F%2Fwww.w3.org%2F2000%2Fsvg&#39;%20viewBox%3D&#39;0%200%201700%202356&#39;%2F%3E\" data-src=\"http:\/\/www.kuspha.com\/blog\/wp-content\/uploads\/2023\/06\/TESIS-GUVENLIK-BELGESI-LST-1-jpg.webp\" data-srcset=\"http:\/\/www.kuspha.com\/blog\/wp-content\/uploads\/2023\/06\/TESIS-GUVENLIK-BELGESI-LST-1-jpg.webp 1700w\" loading=\"eager\" style=\"--ratio: 1700 \/ 2356\" sizes=\"(max-width: 1700px) 100vw, 1700px\" class=\"preload-me photo-thumb-lazy-load aspect\" width=\"1700\" height=\"2356\"  alt=\"\" title=\"TESIS-GUVENLIK-BELGESI-LST\" \/><\/a><\/a><\/figure><figure data-width=\"1242\" data-height=\"1755\"><a href=\" http:\/\/www.kuspha.com\/blog\/wp-content\/uploads\/2023\/08\/LST-HIZMET-YETERLILIK-BELGESI_page-0001-2-jpg.webp \"<a href=\"http:\/\/www.kuspha.com\/blog\/wp-content\/uploads\/2023\/08\/LST-HIZMET-YETERLILIK-BELGESI_page-0001-2-jpg.webp\" class=\"post-thumbnail-rollover layzr-bg\" title=\"LST H\u0130ZMET YETERL\u0130L\u0130K BELGES\u0130_page-0001\"  aria-label=\"Post image\"><img decoding=\"async\" src=\"data:image\/svg+xml,%3Csvg%20xmlns%3D&#39;http%3A%2F%2Fwww.w3.org%2F2000%2Fsvg&#39;%20viewBox%3D&#39;0%200%201242%201755&#39;%2F%3E\" data-src=\"http:\/\/www.kuspha.com\/blog\/wp-content\/uploads\/2023\/08\/LST-HIZMET-YETERLILIK-BELGESI_page-0001-2-jpg.webp\" data-srcset=\"http:\/\/www.kuspha.com\/blog\/wp-content\/uploads\/2023\/08\/LST-HIZMET-YETERLILIK-BELGESI_page-0001-2-jpg.webp 1242w\" loading=\"eager\" style=\"--ratio: 1242 \/ 1755\" sizes=\"(max-width: 1242px) 100vw, 1242px\" class=\"preload-me photo-thumb-lazy-load aspect\" width=\"1242\" height=\"1755\"  alt=\"\" title=\"LST H\u0130ZMET YETERL\u0130L\u0130K BELGES\u0130_page-0001\" \/><\/a><\/a><\/figure><figure data-width=\"1230\" data-height=\"1753\"><a href=\" http:\/\/www.kuspha.com\/blog\/wp-content\/uploads\/2023\/08\/LST-TS-EN-ISO-9001-2015-BELGESI-GUNCEL_page-0001-jpg.webp \"<a href=\"http:\/\/www.kuspha.com\/blog\/wp-content\/uploads\/2023\/08\/LST-TS-EN-ISO-9001-2015-BELGESI-GUNCEL_page-0001-jpg.webp\" class=\"post-thumbnail-rollover layzr-bg\" title=\"LST TS EN ISO 9001-2015 BELGES\u0130 G\u00dcNCEL_page-0001\"  aria-label=\"Post image\"><img decoding=\"async\" src=\"data:image\/svg+xml,%3Csvg%20xmlns%3D&#39;http%3A%2F%2Fwww.w3.org%2F2000%2Fsvg&#39;%20viewBox%3D&#39;0%200%201230%201753&#39;%2F%3E\" data-src=\"http:\/\/www.kuspha.com\/blog\/wp-content\/uploads\/2023\/08\/LST-TS-EN-ISO-9001-2015-BELGESI-GUNCEL_page-0001-jpg.webp\" data-srcset=\"http:\/\/www.kuspha.com\/blog\/wp-content\/uploads\/2023\/08\/LST-TS-EN-ISO-9001-2015-BELGESI-GUNCEL_page-0001-jpg.webp 1230w\" loading=\"eager\" style=\"--ratio: 1230 \/ 1753\" sizes=\"(max-width: 1230px) 100vw, 1230px\" class=\"preload-me photo-thumb-lazy-load aspect\" width=\"1230\" height=\"1753\"  alt=\"\" title=\"LST TS EN ISO 9001-2015 BELGES\u0130 G\u00dcNCEL_page-0001\" \/><\/a><\/a><\/figure><figure data-width=\"1225\" data-height=\"1753\"><a href=\" http:\/\/www.kuspha.com\/blog\/wp-content\/uploads\/2023\/08\/LST-TS-EN-ISO-EIC-27001-2017-BELGESI-GUNCEL_page-0001-jpg.webp \"<a href=\"http:\/\/www.kuspha.com\/blog\/wp-content\/uploads\/2023\/08\/LST-TS-EN-ISO-EIC-27001-2017-BELGESI-GUNCEL_page-0001-jpg.webp\" class=\"post-thumbnail-rollover layzr-bg\" title=\"LST TS EN ISO-EIC 27001-2017 BELGES\u0130 G\u00dcNCEL_page-0001\"  aria-label=\"Post image\"><img decoding=\"async\" src=\"data:image\/svg+xml,%3Csvg%20xmlns%3D&#39;http%3A%2F%2Fwww.w3.org%2F2000%2Fsvg&#39;%20viewBox%3D&#39;0%200%201225%201753&#39;%2F%3E\" data-src=\"http:\/\/www.kuspha.com\/blog\/wp-content\/uploads\/2023\/08\/LST-TS-EN-ISO-EIC-27001-2017-BELGESI-GUNCEL_page-0001-jpg.webp\" data-srcset=\"http:\/\/www.kuspha.com\/blog\/wp-content\/uploads\/2023\/08\/LST-TS-EN-ISO-EIC-27001-2017-BELGESI-GUNCEL_page-0001-jpg.webp 1225w\" loading=\"eager\" style=\"--ratio: 1225 \/ 1753\" sizes=\"(max-width: 1225px) 100vw, 1225px\" class=\"preload-me photo-thumb-lazy-load aspect\" width=\"1225\" height=\"1753\"  alt=\"\" title=\"LST TS EN ISO-EIC 27001-2017 BELGES\u0130 G\u00dcNCEL_page-0001\" \/><\/a><\/a><\/figure>\t\t\t<\/div>\n\t\t\t<div class=\"btn-cntr\">\n\t\t\t\t<a href=\"#\" class=\"hide-thumb-btn\"><\/a>\n\t\t\t\t<a href=\"#\" class=\"auto-play-btn\"><\/a>\n\t\t\t\t<a href=\"#\" class=\"full-screen-btn\"><\/a>\n\t\t\t<\/div>\n\t\t<\/div>\n\t\t\t\t<\/div>\n\t\t\t\t<\/div>\n\t\t\t\t\t<\/div>\n\t\t\t\t<\/div>\n\t\t\t\t\t\t\t<\/div>\n\t\t","protected":false},"excerpt":{"rendered":"<p>Kalite Y\u00f6netim Sistemi LST Kalite Y\u00f6netim Sistemi, ISO 9001:2015 Kalite Y\u00f6netim Sistemi, ISO\/IEC 27001:2017 Bilgi G\u00fcvenli\u011fi Y\u00f6netim Sistemi ve CMMI Olgunluk Seviyesi 3 gereklerine uygun olarak kurulmu\u015ftur. Toplam Kalite felsefesini kurum k\u00fclt\u00fcr\u00fc olarak benimseyen LST\u2019de kalite herkesin ortak amac\u0131d\u0131r. Kalite anlay\u0131\u015f\u0131 ile sekt\u00f6rde \u00f6nc\u00fc kurulu\u015flar aras\u0131nda yer alan LST, Kalite Y\u00f6netim Sistemi etkinli\u011fini s\u00fcrekli olarak&hellip;<\/p>\n","protected":false},"author":1,"featured_media":0,"parent":0,"menu_order":0,"comment_status":"closed","ping_status":"closed","template":"","meta":{"om_disable_all_campaigns":false,"_mi_skip_tracking":false,"_monsterinsights_sitenote_active":false,"_monsterinsights_sitenote_note":"","_monsterinsights_sitenote_category":0},"aioseo_notices":[],"_links":{"self":[{"href":"http:\/\/www.kuspha.com\/blog\/wp-json\/wp\/v2\/pages\/10552"}],"collection":[{"href":"http:\/\/www.kuspha.com\/blog\/wp-json\/wp\/v2\/pages"}],"about":[{"href":"http:\/\/www.kuspha.com\/blog\/wp-json\/wp\/v2\/types\/page"}],"author":[{"embeddable":true,"href":"http:\/\/www.kuspha.com\/blog\/wp-json\/wp\/v2\/users\/1"}],"replies":[{"embeddable":true,"href":"http:\/\/www.kuspha.com\/blog\/wp-json\/wp\/v2\/comments?post=10552"}],"version-history":[{"count":13,"href":"http:\/\/www.kuspha.com\/blog\/wp-json\/wp\/v2\/pages\/10552\/revisions"}],"predecessor-version":[{"id":11876,"href":"http:\/\/www.kuspha.com\/blog\/wp-json\/wp\/v2\/pages\/10552\/revisions\/11876"}],"wp:attachment":[{"href":"http:\/\/www.kuspha.com\/blog\/wp-json\/wp\/v2\/media?parent=10552"}],"curies":[{"name":"wp","href":"https:\/\/api.w.org\/{rel}","templated":true}]}}